{"id":606,"date":"2026-01-13T11:02:13","date_gmt":"2026-01-13T10:02:13","guid":{"rendered":"https:\/\/patca.hu\/?page_id=606"},"modified":"2026-01-13T11:02:14","modified_gmt":"2026-01-13T10:02:14","slug":"patcarol","status":"publish","type":"page","link":"https:\/\/patca.hu\/?page_id=606","title":{"rendered":"Patc\u00e1r\u00f3l"},"content":{"rendered":"\n<p class=\"justify-text\" style=\"font-size:21px\"><strong>Patca<\/strong>&nbsp;Somogy v\u00e1rmegye sz\u00edv\u00e9ben, Kaposv\u00e1r k\u00f6zel\u00e9ben fekv\u0151, nyugodt hangulat\u00fa telep\u00fcl\u00e9s, ahol a term\u00e9szet k\u00f6zels\u00e9ge \u00e9s a vid\u00e9ki \u00e9let \u00e9rt\u00e9kei harmonikusan tal\u00e1lkoznak. A k\u00f6zs\u00e9get erd\u0151k, dombok \u00e9s tiszta leveg\u0151 veszik k\u00f6r\u00fcl, \u00edgy ide\u00e1lis hely mindazok sz\u00e1m\u00e1ra, akik a nyugalmat \u00e9s az emberl\u00e9pt\u00e9k\u0171 k\u00f6rnyezetet keresik.<\/p>\n\n\n\n<p style=\"font-size:21px\">A falu k\u00f6z\u00f6ss\u00e9ge \u00f6sszetart\u00f3 \u00e9s vend\u00e9gszeret\u0151, ahol a hagyom\u00e1nyok tisztelete \u00e9s a folyamatos meg\u00fajul\u00e1s k\u00e9z a k\u00e9zben j\u00e1r. Patca nemcsak lak\u00f3helynek kiv\u00e1l\u00f3, hanem kedvelt \u00fati c\u00e9l is: term\u00e9szeti adotts\u00e1gai, valamint a k\u00f6rny\u00e9k szabadid\u0151s \u00e9s csal\u00e1di programlehet\u0151s\u00e9gei miatt egyre t\u00f6bben fedezik fel.<\/p>\n\n\n\n<p style=\"font-size:21px\">Patca c\u00e9lja, hogy \u00e9lhet\u0151, fejl\u0151d\u0151 telep\u00fcl\u00e9sk\u00e9nt biztos\u00edtson min\u0151s\u00e9gi \u00e9letet lak\u00f3inak, mik\u00f6zben meg\u0151rzi falusias jelleg\u00e9t \u00e9s term\u00e9szeti \u00e9rt\u00e9keit. Szeretettel v\u00e1rjuk mindazokat, akik megismern\u00e9k k\u00f6zs\u00e9g\u00fcnket, vagy otthonra tal\u00e1ln\u00e1nak n\u00e1lunk.<\/p>\n","protected":false},"excerpt":{"rendered":"<p>Patca&nbsp;Somogy v\u00e1rmegye sz\u00edv\u00e9ben, Kaposv\u00e1r k\u00f6zel\u00e9ben fekv\u0151, nyugodt hangulat\u00fa telep\u00fcl\u00e9s, ahol a term\u00e9szet k\u00f6zels\u00e9ge \u00e9s a vid\u00e9ki \u00e9let \u00e9rt\u00e9kei harmonikusan tal\u00e1lkoznak. A k\u00f6zs\u00e9get erd\u0151k, dombok \u00e9s tiszta leveg\u0151 veszik k\u00f6r\u00fcl, \u00edgy ide\u00e1lis hely mindazok sz\u00e1m\u00e1ra, akik a nyugalmat \u00e9s az emberl\u00e9pt\u00e9k\u0171 k\u00f6rnyezetet keresik. A falu k\u00f6z\u00f6ss\u00e9ge \u00f6sszetart\u00f3 \u00e9s vend\u00e9gszeret\u0151, ahol a hagyom\u00e1nyok tisztelete \u00e9s a folyamatos [&hellip;]<\/p>\n","protected":false},"author":1,"featured_media":0,"parent":0,"menu_order":0,"comment_status":"closed","ping_status":"closed","template":"","meta":{"_themeisle_gutenberg_block_has_review":false,"footnotes":""},"class_list":["post-606","page","type-page","status-publish","hentry"],"_links":{"self":[{"href":"https:\/\/patca.hu\/index.php?rest_route=\/wp\/v2\/pages\/606","targetHints":{"allow":["GET"]}}],"collection":[{"href":"https:\/\/patca.hu\/index.php?rest_route=\/wp\/v2\/pages"}],"about":[{"href":"https:\/\/patca.hu\/index.php?rest_route=\/wp\/v2\/types\/page"}],"author":[{"embeddable":true,"href":"https:\/\/patca.hu\/index.php?rest_route=\/wp\/v2\/users\/1"}],"replies":[{"embeddable":true,"href":"https:\/\/patca.hu\/index.php?rest_route=%2Fwp%2Fv2%2Fcomments&post=606"}],"version-history":[{"count":1,"href":"https:\/\/patca.hu\/index.php?rest_route=\/wp\/v2\/pages\/606\/revisions"}],"predecessor-version":[{"id":607,"href":"https:\/\/patca.hu\/index.php?rest_route=\/wp\/v2\/pages\/606\/revisions\/607"}],"wp:attachment":[{"href":"https:\/\/patca.hu\/index.php?rest_route=%2Fwp%2Fv2%2Fmedia&parent=606"}],"curies":[{"name":"wp","href":"https:\/\/api.w.org\/{rel}","templated":true}]}}